{"id":565,"date":"2021-07-24T11:50:35","date_gmt":"2021-07-24T11:50:35","guid":{"rendered":"http:\/\/source.wpopal.com\/funisox\/product\/womens-classic-large-dot-socks\/"},"modified":"2024-10-19T21:15:30","modified_gmt":"2024-10-19T21:15:30","slug":"super-fit-ten-rengi-3lu-suba-corabi","status":"publish","type":"product","link":"https:\/\/kocbil.com\/index.php\/product\/super-fit-ten-rengi-3lu-suba-corabi\/","title":{"rendered":"Super Fit Ten Rengi 3lu Suba \u00c7orab\u0131"},"content":{"rendered":"<p>Super Fit 3&#8217;l\u00fc Suba, paket i\u00e7erisinde 3 adet sneaker \u00e7orab\u0131 bulunan bir settir. Ayaklar\u0131n\u0131 rahat ve konforlu tutmak i\u00e7in tasarlanm\u0131\u015ft\u0131r. K\u0131yafetinle harika bir uyum sa\u011flayacak olan sneaker \u00e7oraplar, g\u00fcnl\u00fck kullan\u0131m i\u00e7in ideal bir se\u00e7enektir.<\/p>\n","protected":false},"excerpt":{"rendered":"<p>Detailed zig-zags with clashing red and blue stripes make the socks even more cool and jazzy. With hints of pink and blue triangles makes them look mesmerizing.<\/p>\n","protected":false},"featured_media":5065,"template":"","meta":[],"product_cat":[60],"product_tag":[62,61,63],"class_list":{"0":"post-565","1":"product","2":"type-product","3":"status-publish","4":"has-post-thumbnail","6":"product_cat-kadin","7":"product_tag-corap","8":"product_tag-kadin","9":"product_tag-suba-corap","11":"first","12":"instock","13":"shipping-taxable","14":"purchasable","15":"product-type-simple"},"_links":{"self":[{"href":"https:\/\/kocbil.com\/index.php\/wp-json\/wp\/v2\/product\/565","targetHints":{"allow":["GET"]}}],"collection":[{"href":"https:\/\/kocbil.com\/index.php\/wp-json\/wp\/v2\/product"}],"about":[{"href":"https:\/\/kocbil.com\/index.php\/wp-json\/wp\/v2\/types\/product"}],"wp:featuredmedia":[{"embeddable":true,"href":"https:\/\/kocbil.com\/index.php\/wp-json\/wp\/v2\/media\/5065"}],"wp:attachment":[{"href":"https:\/\/kocbil.com\/index.php\/wp-json\/wp\/v2\/media?parent=565"}],"wp:term":[{"taxonomy":"product_cat","embeddable":true,"href":"https:\/\/kocbil.com\/index.php\/wp-json\/wp\/v2\/product_cat?post=565"},{"taxonomy":"product_tag","embeddable":true,"href":"https:\/\/kocbil.com\/index.php\/wp-json\/wp\/v2\/product_tag?post=565"}],"curies":[{"name":"wp","href":"https:\/\/api.w.org\/{rel}","templated":true}]}}