{"id":10,"date":"2024-10-11T20:31:03","date_gmt":"2024-10-11T20:31:03","guid":{"rendered":"http:\/\/localhost\/goz\/index.php\/cart\/"},"modified":"2024-10-20T08:55:40","modified_gmt":"2024-10-20T08:55:40","slug":"cart","status":"publish","type":"page","link":"https:\/\/kocbil.com\/index.php\/cart\/","title":{"rendered":"Cart"},"content":{"rendered":"<div data-block-name=\"woocommerce\/cart\" class=\"wp-block-woocommerce-cart alignwide is-loading\"><div data-block-name=\"woocommerce\/filled-cart-block\" class=\"wp-block-woocommerce-filled-cart-block\"><div data-block-name=\"woocommerce\/cart-items-block\" class=\"wp-block-woocommerce-cart-items-block\"><div data-block-name=\"woocommerce\/cart-line-items-block\" class=\"wp-block-woocommerce-cart-line-items-block\"><\/div>\n\n<div data-block-name=\"woocommerce\/cart-cross-sells-block\" class=\"wp-block-woocommerce-cart-cross-sells-block\"><h2 class=\"wp-block-heading has-large-font-size\">You may be interested in\u2026<\/h2>\n\n<div data-block-name=\"woocommerce\/cart-cross-sells-products-block\" class=\"wp-block-woocommerce-cart-cross-sells-products-block\"><\/div><\/div><\/div>\n\n<div data-block-name=\"woocommerce\/cart-totals-block\" class=\"wp-block-woocommerce-cart-totals-block\"><div data-block-name=\"woocommerce\/cart-order-summary-block\" class=\"wp-block-woocommerce-cart-order-summary-block\"><div data-block-name=\"woocommerce\/cart-order-summary-heading-block\" class=\"wp-block-woocommerce-cart-order-summary-heading-block\"><\/div><div data-block-name=\"woocommerce\/cart-order-summary-coupon-form-block\" class=\"wp-block-woocommerce-cart-order-summary-coupon-form-block\"><\/div><div data-block-name=\"woocommerce\/cart-order-summary-totals-block\" class=\"wp-block-woocommerce-cart-order-summary-totals-block\">\n<div data-block-name=\"woocommerce\/cart-order-summary-subtotal-block\" class=\"wp-block-woocommerce-cart-order-summary-subtotal-block\"><\/div>\n<div data-block-name=\"woocommerce\/cart-order-summary-discount-block\" class=\"wp-block-woocommerce-cart-order-summary-discount-block\"><\/div>\n<div data-block-name=\"woocommerce\/cart-order-summary-fee-block\" class=\"wp-block-woocommerce-cart-order-summary-fee-block\"><\/div>\n<div data-block-name=\"woocommerce\/cart-order-summary-shipping-block\" class=\"wp-block-woocommerce-cart-order-summary-shipping-block\"><\/div>\n<div data-block-name=\"woocommerce\/cart-order-summary-taxes-block\" class=\"wp-block-woocommerce-cart-order-summary-taxes-block\"><\/div><\/div><\/div>\n\n<div data-block-name=\"woocommerce\/cart-express-payment-block\" class=\"wp-block-woocommerce-cart-express-payment-block\"><\/div>\n\n<div data-block-name=\"woocommerce\/proceed-to-checkout-block\" class=\"wp-block-woocommerce-proceed-to-checkout-block\"><\/div>\n\n<div data-block-name=\"woocommerce\/cart-accepted-payment-methods-block\" class=\"wp-block-woocommerce-cart-accepted-payment-methods-block\"><\/div><\/div><\/div>\n\n<div data-block-name=\"woocommerce\/empty-cart-block\" class=\"wp-block-woocommerce-empty-cart-block\"><h2 class=\"wp-block-heading has-text-align-center with-empty-cart-icon wc-block-cart__empty-cart__title\">Your cart is currently empty!<\/h2>\n\n<hr class=\"wp-block-separator has-alpha-channel-opacity is-style-dots\"\/>\n\n<h2 class=\"wp-block-heading has-text-align-center\">New in store<\/h2>\n\n<div data-block-name=\"woocommerce\/product-new\" data-columns=\"4\" data-rows=\"1\" class=\"wc-block-grid wp-block-product-new wc-block-product-new has-4-columns\"><ul class=\"wc-block-grid__products\"><li class=\"wc-block-grid__product\">\n\t\t\t\t<a href=\"https:\/\/kocbil.com\/index.php\/product\/erkek-puantiyeli-corap\/\" class=\"wc-block-grid__product-link\">\n\t\t\t\t\t<div class=\"wc-block-grid__product-onsale\">\n\t\t\t<span aria-hidden=\"true\">Sale<\/span>\n\t\t\t<span class=\"screen-reader-text\">Product on sale<\/span>\n\t\t<\/div>\n\t\t\t\t\t<div class=\"wc-block-grid__product-image\"><img loading=\"lazy\" decoding=\"async\" width=\"300\" height=\"300\" src=\"http:\/wp-content\/uploads\/2021\/07\/placehold-300x300.jpeg\" class=\"attachment-woocommerce_thumbnail size-woocommerce_thumbnail\" alt=\"Erkek puantiyeli \u00e7orap\" srcset=\"http:\/wp-content\/uploads\/2021\/07\/placehold-300x300.jpeg 300w, http:\/wp-content\/uploads\/2021\/07\/placehold-100x100.jpeg 100w, http:\/wp-content\/uploads\/2021\/07\/placehold-150x150.jpeg 150w, http:\/wp-content\/uploads\/2021\/07\/placehold-50x50.jpeg 50w, http:\/wp-content\/uploads\/2021\/07\/placehold-600x600.jpeg 600w, http:\/wp-content\/uploads\/2021\/07\/placehold-96x96.jpeg 96w, http:\/wp-content\/uploads\/2021\/07\/placehold-460x460.jpeg 460w\" sizes=\"auto, (max-width: 300px) 100vw, 300px\" \/><\/div>\n\t\t\t\t\t<div class=\"wc-block-grid__product-title\">Erkek puantiyeli \u00e7orap<\/div>\n\t\t\t\t<\/a>\n\t\t\t\t<div class=\"wc-block-grid__product-price price\"><del aria-hidden=\"true\"><span class=\"woocommerce-Price-amount amount\"><span class=\"woocommerce-Price-currencySymbol\">&#8378;<\/span>167,18<\/span><\/del> <span class=\"screen-reader-text\">Original price was: &#8378;167,18.<\/span><ins aria-hidden=\"true\"><span class=\"woocommerce-Price-amount amount\"><span class=\"woocommerce-Price-currencySymbol\">&#8378;<\/span>100,00<\/span><\/ins><span class=\"screen-reader-text\">Current price is: &#8378;100,00.<\/span><\/div>\n\t\t\t\t\n\t\t\t\t<div class=\"wp-block-button wc-block-grid__product-add-to-cart\"><a href=\"?add-to-cart=568\" aria-label=\"Add to cart: &ldquo;Erkek puantiyeli \u00e7orap&rdquo;\" data-quantity=\"1\" data-product_id=\"568\" data-product_sku=\"N\/A-568\" data-price=\"100\" rel=\"nofollow\" class=\"wp-block-button__link  add_to_cart_button ajax_add_to_cart\">Add to cart<\/a><\/div>\n\t\t\t<\/li><li class=\"wc-block-grid__product\">\n\t\t\t\t<a href=\"https:\/\/kocbil.com\/index.php\/product\/super-fit-ten-rengi-3lu-suba-corabi\/\" class=\"wc-block-grid__product-link\">\n\t\t\t\t\t\n\t\t\t\t\t<div class=\"wc-block-grid__product-image\"><img loading=\"lazy\" decoding=\"async\" width=\"300\" height=\"300\" src=\"http:\/wp-content\/uploads\/2021\/08\/revslider-h4-3-300x300.jpg\" class=\"attachment-woocommerce_thumbnail size-woocommerce_thumbnail\" alt=\"slider-home4\" srcset=\"http:\/wp-content\/uploads\/2021\/08\/revslider-h4-3-300x300.jpg 300w, http:\/wp-content\/uploads\/2021\/08\/revslider-h4-3-100x100.jpg 100w, http:\/wp-content\/uploads\/2021\/08\/revslider-h4-3-150x150.jpg 150w, http:\/wp-content\/uploads\/2021\/08\/revslider-h4-3-50x50.jpg 50w, http:\/wp-content\/uploads\/2021\/08\/revslider-h4-3-600x600.jpg 600w, http:\/wp-content\/uploads\/2021\/08\/revslider-h4-3-96x96.jpg 96w, http:\/wp-content\/uploads\/2021\/08\/revslider-h4-3-460x460.jpg 460w\" sizes=\"auto, (max-width: 300px) 100vw, 300px\" \/><\/div>\n\t\t\t\t\t<div class=\"wc-block-grid__product-title\">Super Fit Ten Rengi 3lu Suba \u00c7orab\u0131<\/div>\n\t\t\t\t<\/a>\n\t\t\t\t<div class=\"wc-block-grid__product-price price\"><span class=\"woocommerce-Price-amount amount\"><span class=\"woocommerce-Price-currencySymbol\">&#8378;<\/span>110,00<\/span><\/div>\n\t\t\t\t\n\t\t\t\t<div class=\"wp-block-button wc-block-grid__product-add-to-cart\"><a href=\"?add-to-cart=565\" aria-label=\"Add to cart: &ldquo;Super Fit Ten Rengi 3lu Suba \u00c7orab\u0131&rdquo;\" data-quantity=\"1\" data-product_id=\"565\" data-product_sku=\"\" data-price=\"110\" rel=\"nofollow\" class=\"wp-block-button__link  add_to_cart_button ajax_add_to_cart\">Add to cart<\/a><\/div>\n\t\t\t<\/li><li class=\"wc-block-grid__product\">\n\t\t\t\t<a href=\"https:\/\/kocbil.com\/index.php\/product\/kadin-kalin-cizgili-tayt-corap\/\" class=\"wc-block-grid__product-link\">\n\t\t\t\t\t\n\t\t\t\t\t<div class=\"wc-block-grid__product-image\"><img loading=\"lazy\" decoding=\"async\" width=\"300\" height=\"300\" src=\"http:\/wp-content\/uploads\/2021\/07\/placehold-300x300.jpeg\" class=\"attachment-woocommerce_thumbnail size-woocommerce_thumbnail\" alt=\"Kad\u0131n kal\u0131n \u00e7izgili tayt \u00e7orap\" srcset=\"http:\/wp-content\/uploads\/2021\/07\/placehold-300x300.jpeg 300w, http:\/wp-content\/uploads\/2021\/07\/placehold-100x100.jpeg 100w, http:\/wp-content\/uploads\/2021\/07\/placehold-150x150.jpeg 150w, http:\/wp-content\/uploads\/2021\/07\/placehold-50x50.jpeg 50w, http:\/wp-content\/uploads\/2021\/07\/placehold-600x600.jpeg 600w, http:\/wp-content\/uploads\/2021\/07\/placehold-96x96.jpeg 96w, http:\/wp-content\/uploads\/2021\/07\/placehold-460x460.jpeg 460w\" sizes=\"auto, (max-width: 300px) 100vw, 300px\" \/><\/div>\n\t\t\t\t\t<div class=\"wc-block-grid__product-title\">Kad\u0131n kal\u0131n \u00e7izgili tayt \u00e7orap<\/div>\n\t\t\t\t<\/a>\n\t\t\t\t<div class=\"wc-block-grid__product-price price\"><span class=\"woocommerce-Price-amount amount\"><span class=\"woocommerce-Price-currencySymbol\">&#8378;<\/span>166,36<\/span><\/div>\n\t\t\t\t\n\t\t\t\t<div class=\"wp-block-button wc-block-grid__product-add-to-cart\"><a href=\"?add-to-cart=554\" aria-label=\"Add to cart: &ldquo;Kad\u0131n kal\u0131n \u00e7izgili tayt \u00e7orap&rdquo;\" data-quantity=\"1\" data-product_id=\"554\" data-product_sku=\"N\/A-554\" data-price=\"166.36\" rel=\"nofollow\" class=\"wp-block-button__link  add_to_cart_button ajax_add_to_cart\">Add to cart<\/a><\/div>\n\t\t\t<\/li><li class=\"wc-block-grid__product\">\n\t\t\t\t<a href=\"https:\/\/kocbil.com\/index.php\/product\/erkek-spor-ve-hobi-coraplari\/\" class=\"wc-block-grid__product-link\">\n\t\t\t\t\t<div class=\"wc-block-grid__product-onsale\">\n\t\t\t<span aria-hidden=\"true\">Sale<\/span>\n\t\t\t<span class=\"screen-reader-text\">Product on sale<\/span>\n\t\t<\/div>\n\t\t\t\t\t<div class=\"wc-block-grid__product-image\"><img loading=\"lazy\" decoding=\"async\" width=\"300\" height=\"300\" src=\"http:\/wp-content\/uploads\/2021\/07\/placehold-300x300.jpeg\" class=\"attachment-woocommerce_thumbnail size-woocommerce_thumbnail\" alt=\"Erkek spor ve hobi \u00e7oraplar\u0131\" srcset=\"http:\/wp-content\/uploads\/2021\/07\/placehold-300x300.jpeg 300w, http:\/wp-content\/uploads\/2021\/07\/placehold-100x100.jpeg 100w, http:\/wp-content\/uploads\/2021\/07\/placehold-150x150.jpeg 150w, http:\/wp-content\/uploads\/2021\/07\/placehold-50x50.jpeg 50w, http:\/wp-content\/uploads\/2021\/07\/placehold-600x600.jpeg 600w, http:\/wp-content\/uploads\/2021\/07\/placehold-96x96.jpeg 96w, http:\/wp-content\/uploads\/2021\/07\/placehold-460x460.jpeg 460w\" sizes=\"auto, (max-width: 300px) 100vw, 300px\" \/><\/div>\n\t\t\t\t\t<div class=\"wc-block-grid__product-title\">Erkek spor ve hobi \u00e7oraplar\u0131<\/div>\n\t\t\t\t<\/a>\n\t\t\t\t<div class=\"wc-block-grid__product-price price\"><del aria-hidden=\"true\"><span class=\"woocommerce-Price-amount amount\"><span class=\"woocommerce-Price-currencySymbol\">&#8378;<\/span>119,01<\/span><\/del> <span class=\"screen-reader-text\">Original price was: &#8378;119,01.<\/span><ins aria-hidden=\"true\"><span class=\"woocommerce-Price-amount amount\"><span class=\"woocommerce-Price-currencySymbol\">&#8378;<\/span>83,00<\/span><\/ins><span class=\"screen-reader-text\">Current price is: &#8378;83,00.<\/span><\/div>\n\t\t\t\t\n\t\t\t\t<div class=\"wp-block-button wc-block-grid__product-add-to-cart\"><a href=\"?add-to-cart=538\" aria-label=\"Add to cart: &ldquo;Erkek spor ve hobi \u00e7oraplar\u0131&rdquo;\" data-quantity=\"1\" data-product_id=\"538\" data-product_sku=\"N\/A-538\" data-price=\"83\" rel=\"nofollow\" class=\"wp-block-button__link  add_to_cart_button ajax_add_to_cart\">Add to cart<\/a><\/div>\n\t\t\t<\/li><\/ul><\/div><\/div><\/div>","protected":false},"excerpt":{"rendered":"","protected":false},"author":1,"featured_media":0,"parent":0,"menu_order":0,"comment_status":"closed","ping_status":"closed","template":"","meta":{"footnotes":""},"class_list":["post-10","page","type-page","status-publish","hentry"],"_links":{"self":[{"href":"https:\/\/kocbil.com\/index.php\/wp-json\/wp\/v2\/pages\/10","targetHints":{"allow":["GET"]}}],"collection":[{"href":"https:\/\/kocbil.com\/index.php\/wp-json\/wp\/v2\/pages"}],"about":[{"href":"https:\/\/kocbil.com\/index.php\/wp-json\/wp\/v2\/types\/page"}],"author":[{"embeddable":true,"href":"https:\/\/kocbil.com\/index.php\/wp-json\/wp\/v2\/users\/1"}],"replies":[{"embeddable":true,"href":"https:\/\/kocbil.com\/index.php\/wp-json\/wp\/v2\/comments?post=10"}],"version-history":[{"count":2,"href":"https:\/\/kocbil.com\/index.php\/wp-json\/wp\/v2\/pages\/10\/revisions"}],"predecessor-version":[{"id":7548,"href":"https:\/\/kocbil.com\/index.php\/wp-json\/wp\/v2\/pages\/10\/revisions\/7548"}],"wp:attachment":[{"href":"https:\/\/kocbil.com\/index.php\/wp-json\/wp\/v2\/media?parent=10"}],"curies":[{"name":"wp","href":"https:\/\/api.w.org\/{rel}","templated":true}]}}