{"id":7463,"date":"2021-07-19T07:57:14","date_gmt":"2021-07-19T07:57:14","guid":{"rendered":"http:\/\/source.wpopal.com\/funisox\/about-us\/"},"modified":"2024-10-19T19:43:54","modified_gmt":"2024-10-19T19:43:54","slug":"about-us","status":"publish","type":"page","link":"http:\/\/kocbil.com\/index.php\/about-us\/","title":{"rendered":"Hakk\u0131m\u0131zda"},"content":{"rendered":"<h2>Hakk\u0131m\u0131zda<\/h2>\n<p><img loading=\"lazy\" decoding=\"async\" src=\"http:\/\/localhost\/goz\/wp-content\/uploads\/2021\/07\/about_img-1.jpg\" sizes=\"auto, (max-width: 630px) 100vw, 630px\" srcset=\"http:\/\/localhost\/goz\/wp-content\/uploads\/2021\/07\/about_img-1.jpg 630w, http:\/\/localhost\/goz\/wp-content\/uploads\/2021\/07\/about_img-1-600x390.jpg 600w, http:\/\/localhost\/goz\/wp-content\/uploads\/2021\/07\/about_img-1-300x195.jpg 300w\" alt=\"\" width=\"630\" height=\"410\" \/><br \/>\n<img loading=\"lazy\" decoding=\"async\" src=\"http:\/\/localhost\/goz\/wp-content\/uploads\/2021\/07\/about_deco-2.png\" sizes=\"auto, (max-width: 312px) 100vw, 312px\" srcset=\"http:\/\/localhost\/goz\/wp-content\/uploads\/2021\/07\/about_deco-2.png 312w, http:\/\/localhost\/goz\/wp-content\/uploads\/2021\/07\/about_deco-2-300x257.png 300w\" alt=\"\" width=\"312\" height=\"267\" \/><br \/>\n<img loading=\"lazy\" decoding=\"async\" src=\"http:\/\/localhost\/goz\/wp-content\/uploads\/2021\/07\/about_deco-1.png\" sizes=\"auto, (max-width: 319px) 100vw, 319px\" srcset=\"http:\/\/localhost\/goz\/wp-content\/uploads\/2021\/07\/about_deco-1.png 319w, http:\/\/localhost\/goz\/wp-content\/uploads\/2021\/07\/about_deco-1-300x282.png 300w\" alt=\"about deco 1\" width=\"319\" height=\"300\" \/><\/p>\n<h2>Hikayemiz ve De\u011ferlerimiz<\/h2>\n<p>2013 y\u0131l\u0131ndan bu yana faaliyet g\u00f6steren Goznuru \u00c7orap, b\u00fcy\u00fck ve k\u00fc\u00e7\u00fck \u00f6l\u00e7ekli firmalara hizmet veren \u00f6nde gelen \u00e7orap \u00fcreticilerinden biridir. Kalite ve m\u00fc\u015fteri memnuniyetini \u00f6n planda tutarak, yenilik\u00e7i ve rahat \u00e7orap tasar\u0131mlar\u0131yla sekt\u00f6rde fark yarat\u0131yoruz.<\/p>\n<p>Misyonumuz, her m\u00fc\u015fterimizin beklentilerini a\u015fan \u00fcr\u00fcnler sunarak g\u00fcvenilir bir i\u015f orta\u011f\u0131 olmakt\u0131r. Modern \u00fcretim tesislerimiz ve deneyimli ekibimizle, s\u00fcrekli geli\u015fen moda trendlerini takip ediyor ve en y\u00fcksek standartlarda \u00fcretim yap\u0131yoruz.<\/p>\n<p>Goznuru \u00c7orap olarak, s\u00fcrd\u00fcr\u00fclebilirlik ve sosyal sorumluluk ilkelerine ba\u011fl\u0131 kalarak hem \u00e7al\u0131\u015fanlar\u0131m\u0131z\u0131n hem de m\u00fc\u015fterilerimizin memnuniyetini hedefliyoruz. \u0130\u015fbirli\u011fi yapt\u0131\u011f\u0131m\u0131z t\u00fcm firmalara de\u011fer katmak i\u00e7in \u00e7al\u0131\u015f\u0131yor ve uzun vadeli ili\u015fkiler kurmay\u0131 \u00f6nemsiyoruz.<\/p>\n<p>Kalite ve g\u00fcvenin adresi Goznuru \u00c7orap ile tan\u0131\u015f\u0131n; birlikte ba\u015far\u0131l\u0131 projelere imza atal\u0131m.<\/p>\n<p><a role=\"button\" href=\"http:\/\/localhost\/goz\/contact-us\/\"><br \/>\nTeklif Al\u0131n<br \/>\n<\/a><br \/>\n<a role=\"button\" href=\"https:\/\/www.youtube.com\/watch?v=4-TpEPsltac\" data-effect=\"mfp-zoom-in\"><br \/>\n<\/a><\/p>\n<h3>47.000+ Mutlu M\u00fc\u015fteri<\/h3>\n<p>Kalite ve g\u00fcven anlay\u0131\u015f\u0131m\u0131zla 47.000&#8217;den fazla m\u00fc\u015fterimizin memnuniyetini kazand\u0131k. Sizleri de bu b\u00fcy\u00fck ailemize kat\u0131lmaya davet ediyoruz.<\/p>\n<h3>Sekt\u00f6rde 20 \u00d6d\u00fcll\u00fc Ba\u015far\u0131<\/h3>\n<p>Yenilik\u00e7i yakla\u015f\u0131m\u0131m\u0131z ve kaliteli hizmetimizle 20 prestijli \u00f6d\u00fcl kazand\u0131k. Bu ba\u015far\u0131, m\u00fc\u015fterilerimizin g\u00fcveni ve ekibimizin \u00f6zverisi sayesinde m\u00fcmk\u00fcn oldu. Destekleriniz i\u00e7in te\u015fekk\u00fcr eder, birlikte daha b\u00fcy\u00fck ba\u015far\u0131lara imza atmay\u0131 hedefliyoruz.<\/p>\n<h3>G\u00fcven ve Kalitenin 14 Y\u0131l\u0131<\/h3>\n<p>14 y\u0131ll\u0131k sekt\u00f6r deneyimimizle sizlere en kaliteli hizmeti sunuyoruz. Uzman ekibimiz ve birikimimizle, her zaman m\u00fc\u015fteri memnuniyetini \u00f6n planda tutuyor ve en iyisini hedefliyoruz.<\/p>\n<p><img loading=\"lazy\" decoding=\"async\" src=\"http:\/\/localhost\/goz\/wp-content\/uploads\/2021\/07\/about_img-2.jpg\" sizes=\"auto, (max-width: 680px) 100vw, 680px\" srcset=\"http:\/\/localhost\/goz\/wp-content\/uploads\/2021\/07\/about_img-2.jpg 680w, http:\/\/localhost\/goz\/wp-content\/uploads\/2021\/07\/about_img-2-600x265.jpg 600w, http:\/\/localhost\/goz\/wp-content\/uploads\/2021\/07\/about_img-2-300x132.jpg 300w\" alt=\"\" width=\"680\" height=\"300\" \/><br \/>\n<img loading=\"lazy\" decoding=\"async\" src=\"http:\/\/localhost\/goz\/wp-content\/uploads\/2021\/07\/about_img-3.jpg\" sizes=\"auto, (max-width: 680px) 100vw, 680px\" srcset=\"http:\/\/localhost\/goz\/wp-content\/uploads\/2021\/07\/about_img-3.jpg 680w, http:\/\/localhost\/goz\/wp-content\/uploads\/2021\/07\/about_img-3-600x265.jpg 600w, http:\/\/localhost\/goz\/wp-content\/uploads\/2021\/07\/about_img-3-300x132.jpg 300w\" alt=\"\" width=\"680\" height=\"300\" \/><\/p>\n<p>\u201c<strong>\u00c7oraplar<\/strong> di\u011fer her \u015feyi t\u00fcketme e\u011filimindedir, ki\u015finin t\u00fcm <strong>hayat\u0131 haline gelir<\/strong>.\u201d<\/p>\n<p>G\u00f6znuru Design<\/p>\n<p><a title=\"Brand #1\" href=\"http:\/\/localhost\/goz\/shop\/\"><img loading=\"lazy\" decoding=\"async\" src=\"http:\/\/localhost\/goz\/wp-content\/uploads\/2021\/08\/brand-1.jpg\" alt=\"\" width=\"129\" height=\"26\" \/> <\/a><br \/>\n<a title=\"Brand #2\" href=\"http:\/\/localhost\/goz\/shop\/\"><img loading=\"lazy\" decoding=\"async\" src=\"http:\/\/localhost\/goz\/wp-content\/uploads\/2021\/08\/brand-2.jpg\" alt=\"\" width=\"129\" height=\"26\" \/> <\/a><br \/>\n<a title=\"Brand #3\" href=\"http:\/\/localhost\/goz\/shop\/\"><img loading=\"lazy\" decoding=\"async\" src=\"http:\/\/localhost\/goz\/wp-content\/uploads\/2021\/08\/brand-3.jpg\" alt=\"\" width=\"129\" height=\"26\" \/> <\/a><br \/>\n<a title=\"Brand #4\" href=\"http:\/\/localhost\/goz\/shop\/\"><img loading=\"lazy\" decoding=\"async\" src=\"http:\/\/localhost\/goz\/wp-content\/uploads\/2021\/08\/brand-4.jpg\" alt=\"\" width=\"128\" height=\"26\" \/> <\/a><br \/>\n<a title=\"Brand #5\" href=\"http:\/\/localhost\/goz\/shop\/\"><img loading=\"lazy\" decoding=\"async\" src=\"http:\/\/localhost\/goz\/wp-content\/uploads\/2021\/08\/brand-5.jpg\" alt=\"\" width=\"135\" height=\"48\" \/> <\/a><br \/>\n<a title=\"Brand #6\" href=\"http:\/\/localhost\/goz\/shop\/\"><img loading=\"lazy\" decoding=\"async\" src=\"http:\/\/localhost\/goz\/wp-content\/uploads\/2021\/08\/brand-6.jpg\" alt=\"\" width=\"83\" height=\"23\" \/> <\/a><\/p>\n","protected":false},"excerpt":{"rendered":"<p>Hakk\u0131m\u0131zda Hikayemiz ve De\u011ferlerimiz 2013 y\u0131l\u0131ndan bu yana faaliyet g\u00f6steren Goznuru \u00c7orap, b\u00fcy\u00fck ve k\u00fc\u00e7\u00fck \u00f6l\u00e7ekli firmalara hizmet veren \u00f6nde gelen \u00e7orap \u00fcreticilerinden biridir. Kalite ve m\u00fc\u015fteri memnuniyetini \u00f6n planda tutarak, yenilik\u00e7i ve rahat \u00e7orap tasar\u0131mlar\u0131yla sekt\u00f6rde fark yarat\u0131yoruz. Misyonumuz, her m\u00fc\u015fterimizin beklentilerini a\u015fan \u00fcr\u00fcnler sunarak g\u00fcvenilir bir i\u015f orta\u011f\u0131 olmakt\u0131r. Modern \u00fcretim tesislerimiz ve &hellip; <\/p>\n<p class=\"more-link-wrap\"><a href=\"http:\/\/kocbil.com\/index.php\/about-us\/\" class=\"more-link\"><span>Read More<span class=\"screen-reader-text\"> &#8220;Hakk\u0131m\u0131zda&#8221;<\/span><\/span><i class=\"opal-icon-plus\" aria-hidden=\"true\"><\/i><\/a><\/p>\n","protected":false},"author":1,"featured_media":0,"parent":0,"menu_order":0,"comment_status":"closed","ping_status":"closed","template":"page-elementor.php","meta":{"footnotes":""},"class_list":["post-7463","page","type-page","status-publish","hentry"],"_links":{"self":[{"href":"http:\/\/kocbil.com\/index.php\/wp-json\/wp\/v2\/pages\/7463","targetHints":{"allow":["GET"]}}],"collection":[{"href":"http:\/\/kocbil.com\/index.php\/wp-json\/wp\/v2\/pages"}],"about":[{"href":"http:\/\/kocbil.com\/index.php\/wp-json\/wp\/v2\/types\/page"}],"author":[{"embeddable":true,"href":"http:\/\/kocbil.com\/index.php\/wp-json\/wp\/v2\/users\/1"}],"replies":[{"embeddable":true,"href":"http:\/\/kocbil.com\/index.php\/wp-json\/wp\/v2\/comments?post=7463"}],"version-history":[{"count":7,"href":"http:\/\/kocbil.com\/index.php\/wp-json\/wp\/v2\/pages\/7463\/revisions"}],"predecessor-version":[{"id":7537,"href":"http:\/\/kocbil.com\/index.php\/wp-json\/wp\/v2\/pages\/7463\/revisions\/7537"}],"wp:attachment":[{"href":"http:\/\/kocbil.com\/index.php\/wp-json\/wp\/v2\/media?parent=7463"}],"curies":[{"name":"wp","href":"https:\/\/api.w.org\/{rel}","templated":true}]}}