{"id":7462,"date":"2021-07-19T07:57:14","date_gmt":"2021-07-19T07:57:14","guid":{"rendered":"http:\/\/source.wpopal.com\/funisox\/contact-us\/"},"modified":"2024-10-19T19:39:50","modified_gmt":"2024-10-19T19:39:50","slug":"iletisim","status":"publish","type":"page","link":"http:\/\/kocbil.com\/index.php\/anasayfa\/iletisim\/","title":{"rendered":"\u0130letisim"},"content":{"rendered":"<h2>\u0130leti\u015fim<\/h2>\n<p>\t\t\t<iframe loading=\"lazy\"\n\t\t\t\t\tsrc=\"https:\/\/maps.google.com\/maps?q=London%20Eye%2C%20London%2C%20United%20Kingdom&#038;t=m&#038;z=15&#038;output=embed&#038;iwloc=near\"\n\t\t\t\t\ttitle=\"London Eye, London, United Kingdom\"\n\t\t\t\t\taria-label=\"London Eye, London, United Kingdom\"\n\t\t\t><\/iframe><\/p>\n<h2>\u0130leti\u015fim Bilgilerimiz<\/h2>\n<p>\t\tAdd:<\/p>\n<p>\u0130ki Telli organize sanayi<\/p>\n<p>Phone:   <\/p>\n<p>02164440000<\/p>\n<p>Mail: <a href=\"mailto:info@goznuru.com.tr\">info@goznuru.com.tr<\/a>\t\t<\/p>\n<h2>Mesaj\u0131n\u0131z<\/h2>\n<p role=\"status\" aria-live=\"polite\" aria-atomic=\"true\">\n<ul><\/ul>\n<form action=\"\/goz\/wp-admin\/admin-ajax.php#wpcf7-f7447-o1\" method=\"post\" aria-label=\"Contact form\" novalidate=\"novalidate\" data-status=\"init\">\n<input type=\"hidden\" name=\"_wpcf7\" value=\"7447\" \/><br \/>\n<input type=\"hidden\" name=\"_wpcf7_version\" value=\"5.9.8\" \/><br \/>\n<input type=\"hidden\" name=\"_wpcf7_locale\" value=\"en_US\" \/><br \/>\n<input type=\"hidden\" name=\"_wpcf7_unit_tag\" value=\"wpcf7-f7447-o1\" \/><br \/>\n<input type=\"hidden\" name=\"_wpcf7_container_post\" value=\"0\" \/><br \/>\n<input type=\"hidden\" name=\"_wpcf7_posted_data_hash\" value=\"\" \/><\/p>\n<p><label> Your name<br \/>\n<input size=\"40\" maxlength=\"400\" aria-required=\"true\" aria-invalid=\"false\" placeholder=\"Ex:  John Doe\" value=\"\" type=\"text\" name=\"your-name\" \/> <\/label>\n<\/p>\n<p><label> E-mail<br \/>\n<input size=\"40\" maxlength=\"400\" aria-required=\"true\" aria-invalid=\"false\" placeholder=\"Ex:  John_Doe@domain.com\" value=\"\" type=\"email\" name=\"your-email\" \/> <\/label>\n<\/p>\n<p><label class =\"mb-3\">Message (optional)<br \/>\n<textarea cols=\"40\" rows=\"5\" maxlength=\"2000\" aria-invalid=\"false\" placeholder=\"Enter text here...\" name=\"your-message\"><\/textarea> <\/label>\n<\/p>\n<p><!-- Mailchimp for WordPress v4.9.17 - https:\/\/www.mc4wp.com\/ --><input type=\"hidden\" name=\"_mc4wp_subscribe_contact-form-7\" value=\"0\" \/><label><input type=\"checkbox\" name=\"_mc4wp_subscribe_contact-form-7\" value=\"1\"  \/>Sign me up for the newsletter!<\/label><!-- \/ Mailchimp for WordPress -->\n<\/p>\n<p><button type=\"submit\" value=\"subscribe\"><br \/>\nSend Messenge <i style=\"font-size: 75%;\">&nbsp;<\/i><br \/>\n<\/button>\n<\/p>\n<\/form>\n","protected":false},"excerpt":{"rendered":"<p>\u0130leti\u015fim \u0130leti\u015fim Bilgilerimiz Add: \u0130ki Telli organize sanayi Phone: 02164440000 Mail: info@goznuru.com.tr Mesaj\u0131n\u0131z Your name E-mail Message (optional) Sign me up for the newsletter! Send Messenge &nbsp;<\/p>\n","protected":false},"author":1,"featured_media":0,"parent":7460,"menu_order":0,"comment_status":"closed","ping_status":"closed","template":"page-elementor.php","meta":{"footnotes":""},"class_list":["post-7462","page","type-page","status-publish","hentry"],"_links":{"self":[{"href":"http:\/\/kocbil.com\/index.php\/wp-json\/wp\/v2\/pages\/7462","targetHints":{"allow":["GET"]}}],"collection":[{"href":"http:\/\/kocbil.com\/index.php\/wp-json\/wp\/v2\/pages"}],"about":[{"href":"http:\/\/kocbil.com\/index.php\/wp-json\/wp\/v2\/types\/page"}],"author":[{"embeddable":true,"href":"http:\/\/kocbil.com\/index.php\/wp-json\/wp\/v2\/users\/1"}],"replies":[{"embeddable":true,"href":"http:\/\/kocbil.com\/index.php\/wp-json\/wp\/v2\/comments?post=7462"}],"version-history":[{"count":5,"href":"http:\/\/kocbil.com\/index.php\/wp-json\/wp\/v2\/pages\/7462\/revisions"}],"predecessor-version":[{"id":7549,"href":"http:\/\/kocbil.com\/index.php\/wp-json\/wp\/v2\/pages\/7462\/revisions\/7549"}],"up":[{"embeddable":true,"href":"http:\/\/kocbil.com\/index.php\/wp-json\/wp\/v2\/pages\/7460"}],"wp:attachment":[{"href":"http:\/\/kocbil.com\/index.php\/wp-json\/wp\/v2\/media?parent=7462"}],"curies":[{"name":"wp","href":"https:\/\/api.w.org\/{rel}","templated":true}]}}